{"id":2327,"date":"2025-11-19T07:38:04","date_gmt":"2025-11-19T07:38:04","guid":{"rendered":"https:\/\/okthemes.com\/villenoirdarkdemo\/?page_id=2327"},"modified":"2026-01-16T15:57:30","modified_gmt":"2026-01-16T15:57:30","slug":"mentions-legales","status":"publish","type":"page","link":"https:\/\/champagne-hamadryades.com\/en\/mentions-legales\/","title":{"rendered":"Legal Notice"},"content":{"rendered":"<div class=\"wpb-content-wrapper\"><div class=\"vc_row wpb_row vc_row-fluid\"><div class=\"wpb_column vc_column_container vc_col-sm-12\"><div class=\"vc_column-inner\"><div class=\"wpb_wrapper\">\n\t<div class=\"wpb_text_column wpb_content_element\" >\n\t\t<div class=\"wpb_wrapper\">\n\t\t\t<h2>Site Editor<\/h2>\n<p><span style=\"font-weight: 400;\"> Name of the company: LES HAMADRYADES (SARL)<\/span><span style=\"font-weight: 400;\"><br \/>\n<\/span><span style=\"font-weight: 400;\"> Share capital: \u20ac5,000<\/span><a href=\"https:\/\/www.pappers.fr\/entreprise\/les-hamadryades-914827084?utm_source=chatgpt.com\"><span style=\"font-weight: 400;\"><br \/>\n<\/span><\/a><span style=\"font-weight: 400;\"> Headquarters: 10 Rue des Bois, 51390 Janvry<\/span><a href=\"https:\/\/annuaire-entreprises.data.gouv.fr\/etablissement\/91482708400023?utm_source=chatgpt.com\"><span style=\"font-weight: 400;\"><br \/>\n<\/span><\/a><span style=\"font-weight: 400;\"> SIREN : 914 827 084<\/span><a href=\"https:\/\/annuaire-entreprises.data.gouv.fr\/entreprise\/les-hamadryades-914827084?utm_source=chatgpt.com\"><span style=\"font-weight: 400;\"><br \/>\n<\/span><\/a><span style=\"font-weight: 400;\"> SIRET (si\u00e8ge) : 914 827 084 00023<\/span><a href=\"https:\/\/annuaire-entreprises.data.gouv.fr\/entreprise\/les-hamadryades-914827084?utm_source=chatgpt.com\"><span style=\"font-weight: 400;\"><br \/>\n<\/span><\/a><span style=\"font-weight: 400;\"> Intra-Community VAT No: FR27 914 827 084<\/span><a href=\"https:\/\/entreprises.lefigaro.fr\/les-hamadryades-51\/entreprise-914827084?utm_source=chatgpt.com\"><span style=\"font-weight: 400;\"><br \/>\n<\/span><\/a><span style=\"font-weight: 400;\"> RCS: Reims \u2014 registration: 29\/06\/2022 (active since 01\/06\/2022)<\/span><a href=\"https:\/\/entreprises.lefigaro.fr\/les-hamadryades-51\/entreprise-914827084?utm_source=chatgpt.com\"><span style=\"font-weight: 400;\"><br \/>\n<\/span><\/a><span style=\"font-weight: 400;\"> Activity: Vine cultivation (code NAF\/APE 01.21Z)<\/span><\/p>\n<h2>Website Hosting<\/h2>\n<p><span style=\"font-weight: 400;\"> The site is hosted by Infomaniak Network SA<\/span><span style=\"font-weight: 400;\"><br \/>\n<\/span><span style=\"font-weight: 400;\"> Address: Rue Eug\u00e8ne Marziano 25, 1227 Les Acacias (GE), Switzerland<\/span><a href=\"https:\/\/www.infomaniak.com\/fr\/cgv\/mentions-legales\"> <span style=\"font-weight: 400;\">Infomaniak<\/span><\/a><\/p>\n<h2>Director \/ Publishing Manager<\/h2>\n<p><span style=\"font-weight: 400;\"> Mr. Teddy Martin (Manager)<\/span><\/p>\n<h2>Contact details<\/h2>\n<p><span style=\"font-weight: 400;\"> Address: 10 Rue des Bois, 51390 Janvry<\/span><span style=\"font-weight: 400;\"><br \/>\n<\/span><span style=\"font-weight: 400;\"> E-mail : contact@champagne-hamadryades.com<\/span><span style=\"font-weight: 400;\"><br \/>\n<\/span><span style=\"font-weight: 400;\"> Telephone: +33 (0)6.37.51.40.51<\/span><\/p>\n<h2>Personal data<\/h2>\n<p><span style=\"font-weight: 400;\"> In accordance with the \u00ab Informatique &amp; Libert\u00e9s \u00bb law of 6 January 1978 as amended and the General Data Protection Regulation (GDPR), you have the right to access, rectify, delete and oppose data concerning you. To exercise this right, please contact [email address].<\/span><\/p>\n<h2>Intellectual property<\/h2>\n<p><span style=\"font-weight: 400;\"> All content (texts, images, logos, graphics, etc.) of the site is protected by intellectual property law. Any reproduction or use, partial or total, without express authorization is prohibited.<\/span><\/p>\n<h2>Cookies &amp; Trackers<\/h2>\n<p><span style=\"font-weight: 400;\"> The site uses cookies to improve your user experience and for visitor statistics. You can manage your preferences via your browser's cookie settings.<\/span><\/p>\n<h2>Limitation of liability<\/h2>\n<p><span style=\"font-weight: 400;\"> The information on this site is provided for information purposes only and may be changed without notice. The HAMADRYADES cannot be held responsible for errors or omissions in the provision of information.<\/span><\/p>\n<h2>Applicable law<\/h2>\n<p><span style=\"font-weight: 400;\"> This site is subject to French law. In the event of a dispute and after an attempt at amicable resolution, the French courts will have sole jurisdiction.<\/span><\/p>\n\n\t\t<\/div>\n\t<\/div>\n<\/div><\/div><\/div><\/div>\n<\/div>","protected":false},"excerpt":{"rendered":"\u00c9diteur du site Nom de la soci\u00e9t\u00e9 : LES HAMADRYADES (SARL) Capital social : 5 000 \u20ac Si\u00e8ge social : 10 Rue des Bois, 51390 Janvry SIREN : 914 827 084 SIRET (si\u00e8ge) : 914 827 084 00023 Num\u00e9ro de TVA intracommunautaire : FR27 914 827 084 RCS : Reims \u2014 immatriculation : 29\/06\/2022 (activit\u00e9<br class=\"read-more-spacer\"> <a class=\"more-link\" href=\"https:\/\/champagne-hamadryades.com\/en\/mentions-legales\/\">Read More<\/a>","protected":false},"author":1,"featured_media":0,"parent":0,"menu_order":0,"comment_status":"closed","ping_status":"closed","template":"","meta":{"_acf_changed":false,"footnotes":""},"class_list":["post-2327","page","type-page","status-publish","hentry"],"acf":[],"yoast_head":"<!-- This site is optimized with the Yoast SEO plugin v26.6 - https:\/\/yoast.com\/wordpress\/plugins\/seo\/ -->\n<title>Mentions l\u00e9gales | Champagne Les Hamadryades<\/title>\n<meta name=\"description\" content=\"Consultez les mentions l\u00e9gales du site Champagne Les Hamadryades : \u00e9diteur, h\u00e9bergement, donn\u00e9es personnelles, propri\u00e9t\u00e9 intellectuelle et responsabilit\u00e9.\" \/>\n<meta name=\"robots\" content=\"index, follow, max-snippet:-1, max-image-preview:large, max-video-preview:-1\" \/>\n<link rel=\"canonical\" href=\"https:\/\/champagne-hamadryades.com\/en\/mentions-legales\/\" \/>\n<meta property=\"og:locale\" content=\"en_GB\" \/>\n<meta property=\"og:type\" content=\"article\" \/>\n<meta property=\"og:title\" content=\"Mentions l\u00e9gales | Champagne Les Hamadryades\" \/>\n<meta property=\"og:description\" content=\"Consultez les mentions l\u00e9gales du site Champagne Les Hamadryades : \u00e9diteur, h\u00e9bergement, donn\u00e9es personnelles, propri\u00e9t\u00e9 intellectuelle et responsabilit\u00e9.\" \/>\n<meta property=\"og:url\" content=\"https:\/\/champagne-hamadryades.com\/en\/mentions-legales\/\" \/>\n<meta property=\"og:site_name\" content=\"Champagne Hamadryades\" \/>\n<meta property=\"article:modified_time\" content=\"2026-01-16T15:57:30+00:00\" \/>\n<meta name=\"twitter:card\" content=\"summary_large_image\" \/>\n<meta name=\"twitter:label1\" content=\"Estimated reading time\" \/>\n\t<meta name=\"twitter:data1\" content=\"2 minutes\" \/>\n<script type=\"application\/ld+json\" class=\"yoast-schema-graph\">{\"@context\":\"https:\/\/schema.org\",\"@graph\":[{\"@type\":\"WebPage\",\"@id\":\"https:\/\/champagne-hamadryades.com\/mentions-legales\/\",\"url\":\"https:\/\/champagne-hamadryades.com\/mentions-legales\/\",\"name\":\"Mentions l\u00e9gales | Champagne Les Hamadryades\",\"isPartOf\":{\"@id\":\"https:\/\/champagne-hamadryades.com\/#website\"},\"datePublished\":\"2025-11-19T07:38:04+00:00\",\"dateModified\":\"2026-01-16T15:57:30+00:00\",\"description\":\"Consultez les mentions l\u00e9gales du site Champagne Les Hamadryades : \u00e9diteur, h\u00e9bergement, donn\u00e9es personnelles, propri\u00e9t\u00e9 intellectuelle et responsabilit\u00e9.\",\"breadcrumb\":{\"@id\":\"https:\/\/champagne-hamadryades.com\/mentions-legales\/#breadcrumb\"},\"inLanguage\":\"en-GB\",\"potentialAction\":[{\"@type\":\"ReadAction\",\"target\":[\"https:\/\/champagne-hamadryades.com\/mentions-legales\/\"]}]},{\"@type\":\"BreadcrumbList\",\"@id\":\"https:\/\/champagne-hamadryades.com\/mentions-legales\/#breadcrumb\",\"itemListElement\":[{\"@type\":\"ListItem\",\"position\":1,\"name\":\"Accueil\",\"item\":\"https:\/\/champagne-hamadryades.com\/\"},{\"@type\":\"ListItem\",\"position\":2,\"name\":\"Mentions L\u00e9gales\"}]},{\"@type\":\"WebSite\",\"@id\":\"https:\/\/champagne-hamadryades.com\/#website\",\"url\":\"https:\/\/champagne-hamadryades.com\/\",\"name\":\"Champagne Hamadryades\",\"description\":\"\",\"potentialAction\":[{\"@type\":\"SearchAction\",\"target\":{\"@type\":\"EntryPoint\",\"urlTemplate\":\"https:\/\/champagne-hamadryades.com\/?s={search_term_string}\"},\"query-input\":{\"@type\":\"PropertyValueSpecification\",\"valueRequired\":true,\"valueName\":\"search_term_string\"}}],\"inLanguage\":\"en-GB\"}]}<\/script>\n<!-- \/ Yoast SEO plugin. -->","yoast_head_json":{"title":"Mentions l\u00e9gales | Champagne Les Hamadryades","description":"Consultez les mentions l\u00e9gales du site Champagne Les Hamadryades : \u00e9diteur, h\u00e9bergement, donn\u00e9es personnelles, propri\u00e9t\u00e9 intellectuelle et responsabilit\u00e9.","robots":{"index":"index","follow":"follow","max-snippet":"max-snippet:-1","max-image-preview":"max-image-preview:large","max-video-preview":"max-video-preview:-1"},"canonical":"https:\/\/champagne-hamadryades.com\/en\/mentions-legales\/","og_locale":"en_GB","og_type":"article","og_title":"Mentions l\u00e9gales | Champagne Les Hamadryades","og_description":"Consultez les mentions l\u00e9gales du site Champagne Les Hamadryades : \u00e9diteur, h\u00e9bergement, donn\u00e9es personnelles, propri\u00e9t\u00e9 intellectuelle et responsabilit\u00e9.","og_url":"https:\/\/champagne-hamadryades.com\/en\/mentions-legales\/","og_site_name":"Champagne Hamadryades","article_modified_time":"2026-01-16T15:57:30+00:00","twitter_card":"summary_large_image","twitter_misc":{"Estimated reading time":"2 minutes"},"schema":{"@context":"https:\/\/schema.org","@graph":[{"@type":"WebPage","@id":"https:\/\/champagne-hamadryades.com\/mentions-legales\/","url":"https:\/\/champagne-hamadryades.com\/mentions-legales\/","name":"Mentions l\u00e9gales | Champagne Les Hamadryades","isPartOf":{"@id":"https:\/\/champagne-hamadryades.com\/#website"},"datePublished":"2025-11-19T07:38:04+00:00","dateModified":"2026-01-16T15:57:30+00:00","description":"Consultez les mentions l\u00e9gales du site Champagne Les Hamadryades : \u00e9diteur, h\u00e9bergement, donn\u00e9es personnelles, propri\u00e9t\u00e9 intellectuelle et responsabilit\u00e9.","breadcrumb":{"@id":"https:\/\/champagne-hamadryades.com\/mentions-legales\/#breadcrumb"},"inLanguage":"en-GB","potentialAction":[{"@type":"ReadAction","target":["https:\/\/champagne-hamadryades.com\/mentions-legales\/"]}]},{"@type":"BreadcrumbList","@id":"https:\/\/champagne-hamadryades.com\/mentions-legales\/#breadcrumb","itemListElement":[{"@type":"ListItem","position":1,"name":"Accueil","item":"https:\/\/champagne-hamadryades.com\/"},{"@type":"ListItem","position":2,"name":"Mentions L\u00e9gales"}]},{"@type":"WebSite","@id":"https:\/\/champagne-hamadryades.com\/#website","url":"https:\/\/champagne-hamadryades.com\/","name":"Champagne Hamadryades","description":"","potentialAction":[{"@type":"SearchAction","target":{"@type":"EntryPoint","urlTemplate":"https:\/\/champagne-hamadryades.com\/?s={search_term_string}"},"query-input":{"@type":"PropertyValueSpecification","valueRequired":true,"valueName":"search_term_string"}}],"inLanguage":"en-GB"}]}},"_links":{"self":[{"href":"https:\/\/champagne-hamadryades.com\/en\/wp-json\/wp\/v2\/pages\/2327","targetHints":{"allow":["GET"]}}],"collection":[{"href":"https:\/\/champagne-hamadryades.com\/en\/wp-json\/wp\/v2\/pages"}],"about":[{"href":"https:\/\/champagne-hamadryades.com\/en\/wp-json\/wp\/v2\/types\/page"}],"author":[{"embeddable":true,"href":"https:\/\/champagne-hamadryades.com\/en\/wp-json\/wp\/v2\/users\/1"}],"replies":[{"embeddable":true,"href":"https:\/\/champagne-hamadryades.com\/en\/wp-json\/wp\/v2\/comments?post=2327"}],"version-history":[{"count":7,"href":"https:\/\/champagne-hamadryades.com\/en\/wp-json\/wp\/v2\/pages\/2327\/revisions"}],"predecessor-version":[{"id":3750,"href":"https:\/\/champagne-hamadryades.com\/en\/wp-json\/wp\/v2\/pages\/2327\/revisions\/3750"}],"wp:attachment":[{"href":"https:\/\/champagne-hamadryades.com\/en\/wp-json\/wp\/v2\/media?parent=2327"}],"curies":[{"name":"wp","href":"https:\/\/api.w.org\/{rel}","templated":true}]}}